{"id":2685,"date":"2023-08-17T16:16:11","date_gmt":"2023-08-17T19:16:11","guid":{"rendered":"https:\/\/www.xaersoft.com.ar\/?page_id=2685"},"modified":"2025-11-12T15:58:28","modified_gmt":"2025-11-12T18:58:28","slug":"politica-de-calidad","status":"publish","type":"page","link":"https:\/\/www.xaersoft.com.ar\/?page_id=2685","title":{"rendered":"Pol\u00edtica de calidad"},"content":{"rendered":"\n<p>XAERSOFT es una empresa dedicada al dise\u00f1o y desarrollo de software a medida, proporcionando a industrias y empresas soluciones tecnol\u00f3gicas avanzadas y seguras.<\/p>\n\n\n\n<p><strong>NUESTRO PROP\u00d3SITO<\/strong><br>Encontrar la soluci\u00f3n tecnol\u00f3gica eficaz, segura y adecuada para los proyectos de nuestros Clientes.<\/p>\n\n\n\n<p><strong>VISI\u00d3N<\/strong><br>Ser una empresa l\u00edder en desarrollo de tecnolog\u00edas de \u00faltima generaci\u00f3n a nivel nacional e internacional, adapt\u00e1ndonos a las cambiantes condiciones de mercado y a las demandas y necesidades de nuestros clientes.<\/p>\n\n\n\n<p><strong>MISI\u00d3N<\/strong><br>Como expertos en el desarrollo de software y soluciones tecnol\u00f3gicas, nos consideramos parte integrante de la Empresa que nos contrata, orientando nuestro esfuerzo para colaborar con ella en la concreci\u00f3n de sus objetivos fundamentales. Nuestro objetivo es lograr la m\u00e1xima satisfacci\u00f3n de nuestros Clientes y Usuarios, buscando soluciones integrales para el cumplimiento de sus requerimientos y soluci\u00f3n a sus problemas, a trav\u00e9s de un enfoque de trabajo basado en la raz\u00f3n, el sentido com\u00fan, la sostenibilidad, la eficacia, el alto valor a\u00f1adido y la mejora continua.<\/p>\n\n\n\n<p><strong>VALORES<\/strong><br>\u2022 Compromiso<br>\u2022 Responsabilidad<br>\u2022 Trabajo en equipo<br>\u2022 B\u00fasqueda de mejora constante<br>\u2022 Respeto por la ecolog\u00eda<br>\u2022 Honestidad y \u00e9tica<\/p>\n\n\n\n<p>Fecha de revisi\u00f3n octubre 2023.<\/p>\n","protected":false},"excerpt":{"rendered":"<p>XAERSOFT es una empresa dedicada al dise\u00f1o y desarrollo de software a medida, proporcionando a industrias y empresas soluciones tecnol\u00f3gicas avanzadas y seguras. NUESTRO PROP\u00d3SITOEncontrar la soluci\u00f3n tecnol\u00f3gica eficaz, segura y adecuada para los proyectos de nuestros Clientes. VISI\u00d3NSer una empresa l\u00edder en desarrollo de tecnolog\u00edas de \u00faltima generaci\u00f3n a nivel nacional e internacional, adapt\u00e1ndonos<a href=\"https:\/\/www.xaersoft.com.ar\/?page_id=2685\">[&#8230;]<\/a><\/p>\n","protected":false},"author":1,"featured_media":0,"parent":0,"menu_order":0,"comment_status":"closed","ping_status":"closed","template":"template-fullwidth.php","meta":[],"_links":{"self":[{"href":"https:\/\/www.xaersoft.com.ar\/index.php?rest_route=\/wp\/v2\/pages\/2685"}],"collection":[{"href":"https:\/\/www.xaersoft.com.ar\/index.php?rest_route=\/wp\/v2\/pages"}],"about":[{"href":"https:\/\/www.xaersoft.com.ar\/index.php?rest_route=\/wp\/v2\/types\/page"}],"author":[{"embeddable":true,"href":"https:\/\/www.xaersoft.com.ar\/index.php?rest_route=\/wp\/v2\/users\/1"}],"replies":[{"embeddable":true,"href":"https:\/\/www.xaersoft.com.ar\/index.php?rest_route=%2Fwp%2Fv2%2Fcomments&post=2685"}],"version-history":[{"count":4,"href":"https:\/\/www.xaersoft.com.ar\/index.php?rest_route=\/wp\/v2\/pages\/2685\/revisions"}],"predecessor-version":[{"id":4308,"href":"https:\/\/www.xaersoft.com.ar\/index.php?rest_route=\/wp\/v2\/pages\/2685\/revisions\/4308"}],"wp:attachment":[{"href":"https:\/\/www.xaersoft.com.ar\/index.php?rest_route=%2Fwp%2Fv2%2Fmedia&parent=2685"}],"curies":[{"name":"wp","href":"https:\/\/api.w.org\/{rel}","templated":true}]}}